{"id":258,"date":"2018-01-22T10:17:40","date_gmt":"2018-01-22T14:17:40","guid":{"rendered":"http:\/\/distritomunicipalchirino.gob.do\/transparencia\/?page_id=258"},"modified":"2021-10-07T12:50:58","modified_gmt":"2021-10-07T16:50:58","slug":"responsable-de-acceso-a-la-informacion","status":"publish","type":"page","link":"https:\/\/distritomunicipalchirino.gob.do\/transparencia\/responsable-de-acceso-a-la-informacion\/","title":{"rendered":"Responsable de Acceso a la Informaci\u00f3n"},"content":{"rendered":"<p><strong><img loading=\"lazy\" class=\"wp-image-690 alignleft\" src=\"http:\/\/distritomunicipalchirino.gob.do\/transparencia\/wp-content\/uploads\/2021\/10\/maria-foto-lista-250x354.jpg\" alt=\"\" width=\"222\" height=\"314\" srcset=\"https:\/\/distritomunicipalchirino.gob.do\/transparencia\/wp-content\/uploads\/2021\/10\/maria-foto-lista-250x354.jpg 250w, https:\/\/distritomunicipalchirino.gob.do\/transparencia\/wp-content\/uploads\/2021\/10\/maria-foto-lista-768x1086.jpg 768w, https:\/\/distritomunicipalchirino.gob.do\/transparencia\/wp-content\/uploads\/2021\/10\/maria-foto-lista-700x990.jpg 700w, https:\/\/distritomunicipalchirino.gob.do\/transparencia\/wp-content\/uploads\/2021\/10\/maria-foto-lista-120x170.jpg 120w, https:\/\/distritomunicipalchirino.gob.do\/transparencia\/wp-content\/uploads\/2021\/10\/maria-foto-lista.jpg 1587w\" sizes=\"(max-width: 222px) 100vw, 222px\" \/>Mar\u00eda Alejandra Hern\u00e1ndez.<\/strong><br \/>\nTel; 829_243_9700<br \/>\nCorreo:Correo:mariaalejandrah366@gmail.com<br \/>\nDirecci\u00f3n: San Francisco de Chirino<br \/>\nBarrio la sabana #4 Monte Plata<\/p>\n","protected":false},"excerpt":{"rendered":"Mar\u00eda Alejandra Hern\u00e1ndez. Tel; 829_243_9700 Correo:Correo:mariaalejandrah366@gmail.com Direcci\u00f3n: San Francisco de Chirino Barrio la sabana #4 Monte Plata","protected":false},"author":4,"featured_media":0,"parent":0,"menu_order":0,"comment_status":"closed","ping_status":"closed","template":"","meta":[],"_links":{"self":[{"href":"https:\/\/distritomunicipalchirino.gob.do\/transparencia\/wp-json\/wp\/v2\/pages\/258"}],"collection":[{"href":"https:\/\/distritomunicipalchirino.gob.do\/transparencia\/wp-json\/wp\/v2\/pages"}],"about":[{"href":"https:\/\/distritomunicipalchirino.gob.do\/transparencia\/wp-json\/wp\/v2\/types\/page"}],"author":[{"embeddable":true,"href":"https:\/\/distritomunicipalchirino.gob.do\/transparencia\/wp-json\/wp\/v2\/users\/4"}],"replies":[{"embeddable":true,"href":"https:\/\/distritomunicipalchirino.gob.do\/transparencia\/wp-json\/wp\/v2\/comments?post=258"}],"version-history":[{"count":5,"href":"https:\/\/distritomunicipalchirino.gob.do\/transparencia\/wp-json\/wp\/v2\/pages\/258\/revisions"}],"predecessor-version":[{"id":691,"href":"https:\/\/distritomunicipalchirino.gob.do\/transparencia\/wp-json\/wp\/v2\/pages\/258\/revisions\/691"}],"wp:attachment":[{"href":"https:\/\/distritomunicipalchirino.gob.do\/transparencia\/wp-json\/wp\/v2\/media?parent=258"}],"curies":[{"name":"wp","href":"https:\/\/api.w.org\/{rel}","templated":true}]}}